{"id":815,"date":"2017-06-12T14:34:29","date_gmt":"2017-06-12T12:34:29","guid":{"rendered":"http:\/\/relaunch.st-georg-corps.de\/?page_id=815"},"modified":"2025-12-12T13:02:31","modified_gmt":"2025-12-12T12:02:31","slug":"termine","status":"publish","type":"page","link":"https:\/\/www.st-georg-corps.de\/?page_id=815","title":{"rendered":"Termine"},"content":{"rendered":"<h2 id=\"tablepress-28-name\" class=\"tablepress-table-name tablepress-table-name-id-28\">Termine 2026<\/h2>\n\n<table id=\"tablepress-28\" class=\"tablepress tablepress-id-28\" aria-labelledby=\"tablepress-28-name\">\n<thead>\n<tr class=\"row-1\">\n\t<th class=\"column-1\">Datum<\/th><th class=\"column-2\">Uhrzeit<\/th><th class=\"column-3\">Was<\/th><th class=\"column-4\">Bemerkung<\/th>\n<\/tr>\n<\/thead>\n<tbody class=\"row-striping row-hover\">\n<tr class=\"row-2\">\n\t<td class=\"column-1\">09.01.2026<\/td><td class=\"column-2\">18:30<\/td><td class=\"column-3\">Jahreshauptversammlung<\/td><td class=\"column-4\"><\/td>\n<\/tr>\n<tr class=\"row-3\">\n\t<td class=\"column-1\">18.01.2026<\/td><td class=\"column-2\"><\/td><td class=\"column-3\">Neujahrsempfang<\/td><td class=\"column-4\"><\/td>\n<\/tr>\n<tr class=\"row-4\">\n\t<td class=\"column-1\">25.01.2026<\/td><td class=\"column-2\"><\/td><td class=\"column-3\">Titularfest<\/td><td class=\"column-4\"><\/td>\n<\/tr>\n<tr class=\"row-5\">\n\t<td class=\"column-1\">06.02.2026<\/td><td class=\"column-2\">19:00<\/td><td class=\"column-3\">Versammlung<\/td><td class=\"column-4\"><\/td>\n<\/tr>\n<tr class=\"row-6\">\n\t<td class=\"column-1\">06.03.2026<\/td><td class=\"column-2\">19:00<\/td><td class=\"column-3\">Versammlung<\/td><td class=\"column-4\"><\/td>\n<\/tr>\n<tr class=\"row-7\">\n\t<td class=\"column-1\">03.04.2026<br \/>\n<\/td><td class=\"column-2\">19:00<\/td><td class=\"column-3\">Versammlung<\/td><td class=\"column-4\"><\/td>\n<\/tr>\n<tr class=\"row-8\">\n\t<td class=\"column-1\">01.05.2026<\/td><td class=\"column-2\"><\/td><td class=\"column-3\">Maifeier mit G\u00e4sten<\/td><td class=\"column-4\"><\/td>\n<\/tr>\n<tr class=\"row-9\">\n\t<td class=\"column-1\">08.05.2026<\/td><td class=\"column-2\">19:00<\/td><td class=\"column-3\">Versammlung<\/td><td class=\"column-4\"><\/td>\n<\/tr>\n<tr class=\"row-10\">\n\t<td class=\"column-1\">04.06.2026<\/td><td class=\"column-2\"><\/td><td class=\"column-3\">Fronleichnam<\/td><td class=\"column-4\"><\/td>\n<\/tr>\n<tr class=\"row-11\">\n\t<td class=\"column-1\">05.06.2026<\/td><td class=\"column-2\">19:00<\/td><td class=\"column-3\">Versammlung<\/td><td class=\"column-4\"><\/td>\n<\/tr>\n<tr class=\"row-12\">\n\t<td class=\"column-1\">26.06.2026<\/td><td class=\"column-2\">18:30<\/td><td class=\"column-3\">Versammlung und Pf\u00e4nderschie\u00dfen<\/td><td class=\"column-4\"><\/td>\n<\/tr>\n<tr class=\"row-13\">\n\t<td class=\"column-1\">27.06.2026<\/td><td class=\"column-2\"><\/td><td class=\"column-3\">K\u00f6nigsfest<\/td><td class=\"column-4\"><\/td>\n<\/tr>\n<tr class=\"row-14\">\n\t<td class=\"column-1\">02.08.2026<\/td><td class=\"column-2\"><\/td><td class=\"column-3\">Jubil\u00e4umszug Ratingen (Info)<\/td><td class=\"column-4\"><\/td>\n<\/tr>\n<tr class=\"row-15\">\n\t<td class=\"column-1\">07.08.2026<\/td><td class=\"column-2\">19:00<\/td><td class=\"column-3\">Versammlung<\/td><td class=\"column-4\"><\/td>\n<\/tr>\n<tr class=\"row-16\">\n\t<td class=\"column-1\">09.08.2026<\/td><td class=\"column-2\"><\/td><td class=\"column-3\">M\u00f6schesonntag<\/td><td class=\"column-4\"><\/td>\n<\/tr>\n<tr class=\"row-17\">\n\t<td class=\"column-1\">14-17.08.2026<\/td><td class=\"column-2\"><\/td><td class=\"column-3\">Sch\u00fctzenfest<\/td><td class=\"column-4\"><\/td>\n<\/tr>\n<tr class=\"row-18\">\n\t<td class=\"column-1\">18.08.2026<\/td><td class=\"column-2\"><\/td><td class=\"column-3\">Abtrinken<\/td><td class=\"column-4\"><\/td>\n<\/tr>\n<tr class=\"row-19\">\n\t<td class=\"column-1\">04.09.2026<\/td><td class=\"column-2\">19:00<\/td><td class=\"column-3\">Versammlung<\/td><td class=\"column-4\"><\/td>\n<\/tr>\n<tr class=\"row-20\">\n\t<td class=\"column-1\">13.09.2026<\/td><td class=\"column-2\"><\/td><td class=\"column-3\">Bundesfest in Damme<\/td><td class=\"column-4\"><\/td>\n<\/tr>\n<tr class=\"row-21\">\n\t<td class=\"column-1\">05+06.09.2026<\/td><td class=\"column-2\"><\/td><td class=\"column-3\">Dorffest<\/td><td class=\"column-4\"><\/td>\n<\/tr>\n<tr class=\"row-22\">\n\t<td class=\"column-1\">19.09.2026<\/td><td class=\"column-2\"><\/td><td class=\"column-3\">Hahnek\u00f6ppen<\/td><td class=\"column-4\"><\/td>\n<\/tr>\n<tr class=\"row-23\">\n\t<td class=\"column-1\">09.10.2026<\/td><td class=\"column-2\">19:00<\/td><td class=\"column-3\">Versammlung<\/td><td class=\"column-4\"><\/td>\n<\/tr>\n<tr class=\"row-24\">\n\t<td class=\"column-1\">06.11.2026<\/td><td class=\"column-2\">19:00<\/td><td class=\"column-3\">Versammlung<\/td><td class=\"column-4\"><\/td>\n<\/tr>\n<tr class=\"row-25\">\n\t<td class=\"column-1\">15.11.2026<\/td><td class=\"column-2\"><\/td><td class=\"column-3\">Volkstrauertag<\/td><td class=\"column-4\"><\/td>\n<\/tr>\n<tr class=\"row-26\">\n\t<td class=\"column-1\">04.12.2026<\/td><td class=\"column-2\">19:00<\/td><td class=\"column-3\">Versammlung<\/td><td class=\"column-4\"><\/td>\n<\/tr>\n<tr class=\"row-27\">\n\t<td class=\"column-1\">05.12.2026<\/td><td class=\"column-2\">18:00<\/td><td class=\"column-3\">Weihnachtsfeier<\/td><td class=\"column-4\"><\/td>\n<\/tr>\n<tr class=\"row-28\">\n\t<td class=\"column-1\">31.12.2026<\/td><td class=\"column-2\"><\/td><td class=\"column-3\">Silvesterfeier<\/td><td class=\"column-4\"><\/td>\n<\/tr>\n<\/tbody>\n<\/table>\n<!-- #tablepress-28 from cache -->\n","protected":false},"excerpt":{"rendered":"","protected":false},"author":2,"featured_media":0,"parent":0,"menu_order":0,"comment_status":"closed","ping_status":"closed","template":"template-fullwidth.php","meta":{"ngg_post_thumbnail":0,"footnotes":""},"class_list":["post-815","page","type-page","status-publish","hentry"],"jetpack_shortlink":"https:\/\/wp.me\/P8O44P-d9","jetpack-related-posts":[{"id":15,"url":"https:\/\/www.st-georg-corps.de\/?page_id=15","url_meta":{"origin":815,"position":0},"title":"Kontakt","author":"Ren\u00e9 Kupperian","date":"2017-05-31","format":false,"excerpt":"","rel":"","context":"\u00c4hnlicher Beitrag","block_context":{"text":"\u00c4hnlicher Beitrag","link":""},"img":{"alt_text":"","src":"","width":0,"height":0},"classes":[]}],"jetpack_likes_enabled":false,"jetpack_sharing_enabled":true,"_links":{"self":[{"href":"https:\/\/www.st-georg-corps.de\/index.php?rest_route=\/wp\/v2\/pages\/815","targetHints":{"allow":["GET"]}}],"collection":[{"href":"https:\/\/www.st-georg-corps.de\/index.php?rest_route=\/wp\/v2\/pages"}],"about":[{"href":"https:\/\/www.st-georg-corps.de\/index.php?rest_route=\/wp\/v2\/types\/page"}],"author":[{"embeddable":true,"href":"https:\/\/www.st-georg-corps.de\/index.php?rest_route=\/wp\/v2\/users\/2"}],"replies":[{"embeddable":true,"href":"https:\/\/www.st-georg-corps.de\/index.php?rest_route=%2Fwp%2Fv2%2Fcomments&post=815"}],"version-history":[{"count":18,"href":"https:\/\/www.st-georg-corps.de\/index.php?rest_route=\/wp\/v2\/pages\/815\/revisions"}],"predecessor-version":[{"id":3743,"href":"https:\/\/www.st-georg-corps.de\/index.php?rest_route=\/wp\/v2\/pages\/815\/revisions\/3743"}],"wp:attachment":[{"href":"https:\/\/www.st-georg-corps.de\/index.php?rest_route=%2Fwp%2Fv2%2Fmedia&parent=815"}],"curies":[{"name":"wp","href":"https:\/\/api.w.org\/{rel}","templated":true}]}}