{"id":52,"date":"2017-06-01T05:14:06","date_gmt":"2017-06-01T05:14:06","guid":{"rendered":"http:\/\/relaunch.st-georg-corps.de\/?page_id=52"},"modified":"2017-06-01T16:09:17","modified_gmt":"2017-06-01T16:09:17","slug":"bruderschaftsmajestaeten","status":"publish","type":"page","link":"https:\/\/www.st-georg-corps.de\/?page_id=52","title":{"rendered":"Bruderschaftsmajest\u00e4ten"},"content":{"rendered":"\n<table id=\"tablepress-4\" class=\"tablepress tablepress-id-4\">\n<tbody class=\"row-striping row-hover\">\n<tr class=\"row-1\">\n\t<td class=\"column-1\"><\/td><td class=\"column-2\"><strong>Bruderschaftsmajest\u00e4ten<\/strong><\/td><td class=\"column-3\"><\/td>\n<\/tr>\n<tr class=\"row-2\">\n\t<td class=\"column-1\">2025 \/ 2026<\/td><td class=\"column-2\">Alexander und Marika Schleip<\/td><td class=\"column-3\"><\/td>\n<\/tr>\n<tr class=\"row-3\">\n\t<td class=\"column-1\">2019 - 2022 **<\/td><td class=\"column-2\">Sebastian Kahlert und Nadine Soltau<\/td><td class=\"column-3\">*<\/td>\n<\/tr>\n<tr class=\"row-4\">\n\t<td class=\"column-1\">2011 \/ 2012<\/td><td class=\"column-2\">Dieter Josef und Beate Rubner<\/td><td class=\"column-3\">*<\/td>\n<\/tr>\n<tr class=\"row-5\">\n\t<td class=\"column-1\">2003 \/ 2004<\/td><td class=\"column-2\">Herbert und Hilde Hirsch<\/td><td class=\"column-3\">*<\/td>\n<\/tr>\n<tr class=\"row-6\">\n\t<td class=\"column-1\">1998 \/ 1999<\/td><td class=\"column-2\">Heribert und Rosi Rotermund<\/td><td class=\"column-3\"><\/td>\n<\/tr>\n<tr class=\"row-7\">\n\t<td class=\"column-1\">1995 \/ 1996<\/td><td class=\"column-2\">Alfred und Monika Jansen <strong>(ebenfalls Bezirksk\u00f6nig)<\/strong><\/td><td class=\"column-3\"><\/td>\n<\/tr>\n<tr class=\"row-8\">\n\t<td class=\"column-1\">1993 \/ 1994<\/td><td class=\"column-2\"> Ewald und Angelika Butenberg<\/td><td class=\"column-3\"><\/td>\n<\/tr>\n<tr class=\"row-9\">\n\t<td class=\"column-1\"><\/td><td class=\"column-2\"><strong>Stadtk\u00f6nig von Ratingen<\/strong><\/td><td class=\"column-3\"><\/td>\n<\/tr>\n<tr class=\"row-10\">\n\t<td class=\"column-1\">2014 - 2024<\/td><td class=\"column-2\">Dieter Josef Rubner<\/td><td class=\"column-3\"><\/td>\n<\/tr>\n<tr class=\"row-11\">\n\t<td class=\"column-1\"><\/td><td class=\"column-2\"><strong>Traditionskronprinzen<\/strong><\/td><td class=\"column-3\"><\/td>\n<\/tr>\n<tr class=\"row-12\">\n\t<td class=\"column-1\">2016 \/ 2017<\/td><td class=\"column-2\">Jens J\u00f6rgens<\/td><td class=\"column-3\"><\/td>\n<\/tr>\n<tr class=\"row-13\">\n\t<td class=\"column-1\">2012 \/ 2013<\/td><td class=\"column-2\">Moritz Kahlert<\/td><td class=\"column-3\"><\/td>\n<\/tr>\n<tr class=\"row-14\">\n\t<td class=\"column-1\"><\/td><td class=\"column-2\"><strong>Kronprinzen<\/strong><\/td><td class=\"column-3\"><\/td>\n<\/tr>\n<tr class=\"row-15\">\n\t<td class=\"column-1\">2023 \/ 2024<\/td><td class=\"column-2\">Philipp Kellersmann<\/td><td class=\"column-3\"><\/td>\n<\/tr>\n<tr class=\"row-16\">\n\t<td class=\"column-1\">2019 - 2022 **<\/td><td class=\"column-2\">Lucas Kellersmann &amp; Rachel Thorn<\/td><td class=\"column-3\">*<\/td>\n<\/tr>\n<tr class=\"row-17\">\n\t<td class=\"column-1\">2018 \/ 2019<\/td><td class=\"column-2\">Maurice Groten<\/td><td class=\"column-3\"><\/td>\n<\/tr>\n<tr class=\"row-18\">\n\t<td class=\"column-1\">2016 \/ 2017<\/td><td class=\"column-2\">Tobias Panitz <strong>(ebenfalls Bezirkskronprinz)<\/strong><\/td><td class=\"column-3\"><\/td>\n<\/tr>\n<tr class=\"row-19\">\n\t<td class=\"column-1\">2011 \/ 2012<\/td><td class=\"column-2\">Moritz Kahlert <strong>(ebenfalls Bezirkskronprinz)<\/strong><\/td><td class=\"column-3\">*<\/td>\n<\/tr>\n<tr class=\"row-20\">\n\t<td class=\"column-1\">2007 \/ 2008<\/td><td class=\"column-2\">Robert Richter<\/td><td class=\"column-3\"><\/td>\n<\/tr>\n<tr class=\"row-21\">\n\t<td class=\"column-1\">2003 \/ 2004<\/td><td class=\"column-2\">Jens J\u00f6rgens<\/td><td class=\"column-3\">*<\/td>\n<\/tr>\n<tr class=\"row-22\">\n\t<td class=\"column-1\">1999 \/ 2000<\/td><td class=\"column-2\">Hinkedeyn, Ralf<\/td><td class=\"column-3\"><\/td>\n<\/tr>\n<tr class=\"row-23\">\n\t<td class=\"column-1\">1980 \/ 1981<\/td><td class=\"column-2\">Peter Braun <strong>(ebenfalls Bezirkskronprinz)<\/strong><\/td><td class=\"column-3\"><\/td>\n<\/tr>\n<tr class=\"row-24\">\n\t<td class=\"column-1\">1971 \/ 1972<\/td><td class=\"column-2\">Helmut Schmuck<\/td><td class=\"column-3\"><\/td>\n<\/tr>\n<tr class=\"row-25\">\n\t<td class=\"column-1\">1966 \/ 1967<\/td><td class=\"column-2\">Werner Michael<\/td><td class=\"column-3\"><\/td>\n<\/tr>\n<tr class=\"row-26\">\n\t<td class=\"column-1\">&nbsp;<\/td><td class=\"column-2\">&nbsp;<\/td><td class=\"column-3\">&nbsp;<\/td>\n<\/tr>\n<tr class=\"row-27\">\n\t<td class=\"column-1\"><\/td><td class=\"column-2\"> SGC K\u00f6nig und Kronprinz<\/td><td class=\"column-3\">*<\/td>\n<\/tr>\n<tr class=\"row-28\">\n\t<td class=\"column-1\"><\/td><td class=\"column-2\">Aufgrund von Corona, keine Aktivit\u00e4ten.<\/td><td class=\"column-3\">**<\/td>\n<\/tr>\n<\/tbody>\n<\/table>\n\n","protected":false},"excerpt":{"rendered":"","protected":false},"author":1,"featured_media":0,"parent":0,"menu_order":0,"comment_status":"closed","ping_status":"closed","template":"template-fullwidth.php","meta":{"ngg_post_thumbnail":0,"footnotes":""},"class_list":["post-52","page","type-page","status-publish","hentry"],"jetpack_shortlink":"https:\/\/wp.me\/P8O44P-Q","jetpack-related-posts":[{"id":15,"url":"https:\/\/www.st-georg-corps.de\/?page_id=15","url_meta":{"origin":52,"position":0},"title":"Kontakt","author":"Ren\u00e9 Kupperian","date":"2017-05-31","format":false,"excerpt":"","rel":"","context":"\u00c4hnlicher Beitrag","block_context":{"text":"\u00c4hnlicher Beitrag","link":""},"img":{"alt_text":"","src":"","width":0,"height":0},"classes":[]},{"id":3402,"url":"https:\/\/www.st-georg-corps.de\/?page_id=3402","url_meta":{"origin":52,"position":1},"title":"Anleitung &#8211; Sp\u00fclmaschine","author":"Ren\u00e9 Kupperian","date":"2024-05-04","format":false,"excerpt":"Grunds\u00e4tzliches zur Sp\u00fclmaschine Sie kostet etwa 2000 Euro und Reparaturen sind teuer! Sie muss nach jeder Veranstaltung entleert und gereinigt werden. Es ist keine Haushaltsmaschine die sofort loslegen kann nach dem Einschalten. Sie braucht eine Vorlaufzeit von etwa 60 - 90 Minuten zum F\u00fcllen und Aufheizen.\u00a0 Sie schaltet sich NICHT\u2026","rel":"","context":"\u00c4hnlicher Beitrag","block_context":{"text":"\u00c4hnlicher Beitrag","link":""},"img":{"alt_text":"","src":"https:\/\/i0.wp.com\/www.st-georg-corps.de\/wp-content\/uploads\/2024\/05\/Spuelmaschine_Bedienfeld-600x83.png?resize=350%2C200","width":350,"height":200,"srcset":"https:\/\/i0.wp.com\/www.st-georg-corps.de\/wp-content\/uploads\/2024\/05\/Spuelmaschine_Bedienfeld-600x83.png?resize=350%2C200 1x, https:\/\/i0.wp.com\/www.st-georg-corps.de\/wp-content\/uploads\/2024\/05\/Spuelmaschine_Bedienfeld-600x83.png?resize=525%2C300 1.5x"},"classes":[]}],"jetpack_likes_enabled":false,"jetpack_sharing_enabled":true,"_links":{"self":[{"href":"https:\/\/www.st-georg-corps.de\/index.php?rest_route=\/wp\/v2\/pages\/52","targetHints":{"allow":["GET"]}}],"collection":[{"href":"https:\/\/www.st-georg-corps.de\/index.php?rest_route=\/wp\/v2\/pages"}],"about":[{"href":"https:\/\/www.st-georg-corps.de\/index.php?rest_route=\/wp\/v2\/types\/page"}],"author":[{"embeddable":true,"href":"https:\/\/www.st-georg-corps.de\/index.php?rest_route=\/wp\/v2\/users\/1"}],"replies":[{"embeddable":true,"href":"https:\/\/www.st-georg-corps.de\/index.php?rest_route=%2Fwp%2Fv2%2Fcomments&post=52"}],"version-history":[{"count":3,"href":"https:\/\/www.st-georg-corps.de\/index.php?rest_route=\/wp\/v2\/pages\/52\/revisions"}],"predecessor-version":[{"id":77,"href":"https:\/\/www.st-georg-corps.de\/index.php?rest_route=\/wp\/v2\/pages\/52\/revisions\/77"}],"wp:attachment":[{"href":"https:\/\/www.st-georg-corps.de\/index.php?rest_route=%2Fwp%2Fv2%2Fmedia&parent=52"}],"curies":[{"name":"wp","href":"https:\/\/api.w.org\/{rel}","templated":true}]}}