{"id":38,"date":"2017-06-01T04:45:20","date_gmt":"2017-06-01T04:45:20","guid":{"rendered":"http:\/\/relaunch.st-georg-corps.de\/?page_id=38"},"modified":"2017-09-04T18:45:57","modified_gmt":"2017-09-04T16:45:57","slug":"geschichtliches","status":"publish","type":"page","link":"https:\/\/www.st-georg-corps.de\/?page_id=38","title":{"rendered":"Geschichtliches"},"content":{"rendered":"<p>&nbsp;<\/p>\n<p><strong><img data-recalc-dims=\"1\" loading=\"lazy\" decoding=\"async\" data-attachment-id=\"780\" data-permalink=\"https:\/\/www.st-georg-corps.de\/?attachment_id=780\" data-orig-file=\"https:\/\/i0.wp.com\/www.st-georg-corps.de\/wp-content\/uploads\/2017\/06\/St-Georg-001.gif?fit=301%2C426&amp;ssl=1\" data-orig-size=\"301,426\" data-comments-opened=\"0\" data-image-meta=\"{&quot;aperture&quot;:&quot;0&quot;,&quot;credit&quot;:&quot;&quot;,&quot;camera&quot;:&quot;&quot;,&quot;caption&quot;:&quot;&quot;,&quot;created_timestamp&quot;:&quot;0&quot;,&quot;copyright&quot;:&quot;&quot;,&quot;focal_length&quot;:&quot;0&quot;,&quot;iso&quot;:&quot;0&quot;,&quot;shutter_speed&quot;:&quot;0&quot;,&quot;title&quot;:&quot;&quot;,&quot;orientation&quot;:&quot;0&quot;}\" data-image-title=\"St-Georg-001\" data-image-description=\"\" data-image-caption=\"\" data-medium-file=\"https:\/\/i0.wp.com\/www.st-georg-corps.de\/wp-content\/uploads\/2017\/06\/St-Georg-001.gif?fit=212%2C300&amp;ssl=1\" data-large-file=\"https:\/\/i0.wp.com\/www.st-georg-corps.de\/wp-content\/uploads\/2017\/06\/St-Georg-001.gif?fit=301%2C426&amp;ssl=1\" class=\"alignleft wp-image-780 size-full\" src=\"https:\/\/i0.wp.com\/www.st-georg-corps.de\/wp-content\/uploads\/2017\/06\/St-Georg-001.gif?resize=301%2C426\" alt=\"Der heilige St. Georg\" width=\"301\" height=\"426\">Die Geschichte des St. Georg Corps Lintorf 1963 e.V.<\/strong><br \/>\nIm Herbst des Jahres 1963 beschloss der Freundeskreis von 6 jungen M\u00e4nnern ein neues Sch\u00fctzencorps zu gr\u00fcnden. Im Bekanntenkreis der Eltern suchten sie nach weiteren Interessenten. Nachdem dies von Erfolg gekr\u00f6nt war, wurde ein Termin f\u00fcr die Gr\u00fcndungsversammlung festgelegt. Die Gr\u00fcndungsversammlung fand in der Gastst\u00e4tte \u201eB\u00fcrgershof\u201c statt. Notwendige Absprachen und Regelungen wurden an diesem Abend gefunden und festgelegt. Nun hie\u00df es, einen Namen f\u00fcr die neue Corpsgemeinschaft zu finden. Letztendlich wurde der Vorschlag von Schneidermeister Josef Rosendahl angenommen, das neue Korps <strong>\u201eSt. Georg Corps\u201c<\/strong> zu benennen. Es folgte die Wahl des Vorstandes der ersten Stunde.<\/p>\n<p>Als 1. Vorsitzender wurde Wilfried Rosendahl, als Kassierer Ewald Butenberg, als Schriftf\u00fchrer und als Hauptmann Franz J\u00fcntgen und als neuer Protektor Josef Rosendahl, alle einstimmig gew\u00e4hlt.<\/p>\n<p>Das erste offizielle Auftreten des neugegr\u00fcndeten Corps fand zum Titularfest am 26. Januar 1964 im Jahr des 500 j\u00e4hrigen Lintorfer Bruderschaftsjubil\u00e4ums statt. Bereits im Mai 1964 wurde das erste, mit gro\u00dfer Spannung erwartete K\u00f6nigsschie\u00dfen ausgerichtet. Geschossen wurde in den Gartenanlagen der Gastst\u00e4tte \u201eMecklenbeck\u201c. Erster Bruderschaftsk\u00f6nig des neuen Corps wurde Ewald Butenberg im Jahre 1993. Die Feier fand anschlie\u00dfend in der Gastst\u00e4tte \u201eJakob Mecklenbeck\u201c statt. Im gleichen Jahr erlebte das St. Georg Corps beim Lintorfer Sch\u00fctzen- und Volksfest 1964, dem Jahr des 500 j\u00e4hrigen Bestehens der Lintorfer Bruderschaft den ersten Festzug. Es war f\u00fcr das St. Georg Corps ein imponierendes Erlebnis. Die weiteren K\u00f6nige bis zum heutigen Tage waren: 1995 Alfred Jansen der auch Bezirksk\u00f6nig wurde, 1998 Heribert Rotemund, 2003 Herbert Hirsch,&nbsp;2011 Dieter Rubner, Dieter ist seit 2014 Stadtk\u00f6nig von Ratingen.<\/p>\n<p>Seit dem Jahr 1966 leitete Herbert Hirsch das St. Georg Corps als 1. Vorsitzender. Er hat es mit gro\u00dfem Geschick verstanden, die Mitglieder dieser jungen Corpsgemeinschaft zu einer Einheit zu f\u00fchren und aus ihnen eine verschworene Truppe zu formen.<\/p>\n<p>Der Sch\u00fctzenfestmontag 1966 bescherte dem St. Georg Corps mit Werner Michael erstmals eine Bruderschaftsmajest\u00e4t. Mit einem wohlgezielten Schuss errang er die Kronprinzenw\u00fcrde der Lintorfer Bruderschaft. Der Jubel kannte keine Grenzen, und dieses Ereignis wurde corpseitig z\u00fcnftig gefeiert.<\/p>\n<p>Das St. Georg Corps hat sich zwar gemausert, erlebte aber zweifellos in den folgenden Jahren noch die Zeit des \u201eLernens\u201c. Aber auch weitere St. Georg Corps-Mitglieder konnten sich als Kronprinzen der Lintorfer Bruderschaft auszeichnen: So Siegfried Jussen im Jahr 1970, Helmut Schmuck 1971, Peter Braun 1980, Ralf Hinkeldeyn 1999, Jens J\u00f6rgens 2003, 2007 Robert Richter, 2011 Moritz Kahlert der auch Bezirkskronprinz wurde iund letztendlich, 2016 Tobias Panitz, der auch noch die Bezirkskronprinzenw\u00fcrde erlang.<\/p>\n<p>Am 17. Juni 1972 veranstaltete das St. Georg Corps ein Fu\u00dfballturnier zu Gunsten der \u201eAktion Sorgenkind\u201c. Alle Kompanien und Corps der Lintorfer Bruderschaft nahmen an dieser Veranstaltung teil. Das Reitercorps fuhr mit einem Feuerwehroldtimer durch den Ort und lockte somit Zuschauer an. Immerhin 500 Zuschauer bildeten eine sch\u00f6ne Kulisse; diese stolze Zahl an Zuschauern bei Meisterschaftsspielen w\u00fcrde den Kassierer und die Verantwortlichen von Rot-Wei\u00df Lintorf bestimmt in Jubelst\u00fcrme ausbrechen lassen. Die Einnahme in H\u00f6he von 1500,00 DM wurde an die \u201eAktion Sorgenkind\u201c \u00fcberwiesen. Veranstaltungen \u00e4hnlicher Art wurden in den sp\u00e4teren Jahren wiederholt.<\/p>\n<p>Im Jahr 1973 feierte das St. Georg Corps sein 10j\u00e4hriges Bestehen im Saal von \u201eHaus Anna\u201c. Mit 400 erschienenen G\u00e4sten war die Veranstaltung bestens besucht. Nach der Begr\u00fc\u00dfung durch den 1. Vorsitzenden Herbert Hirsch wurde ein ansprechendes und recht unterhaltsames Programm geboten. Alle auftretenden K\u00fcnstler boten an diesem Abend ihr \u201eBestes\u201c. Inzwischen war das St. Georg Corps auf 23 Mitglieder angewachsen, und aus den ehemaligen Jungsch\u00fctzen von 1963 waren gestandene Sch\u00fctzenbr\u00fcder geworden, die sich f\u00fcr die Bruderschaft einsetzten und sich durch gute Kameradschaft, echten Sch\u00fctzengeist und die Pflege des heimatlichen Brauchtums auszeichneten.<\/p>\n<p>Ein eigenes Clubhaus zu haben, diese Idee war schon l\u00e4nger in den K\u00f6pfen der Mitglieder des St. Georg Corps. Nachdem die Formalit\u00e4ten \u00fcber einen Kauf mit der Bundesbahndirektion get\u00e4tigt waren, begannen am 27. Dezember 1982 die Instandsetzungsarbeiten. Alle Corps-Mitglieder waren mit Eifer bei der Sache und fanden in ihren Frauen, oder Freundinnen verst\u00e4ndnisvolle Partnerinnen. Ende Februar 1983 waren die Dachstuhlarbeiten schon fast beendet und im April feierte man das Richtfest. Ende September 1983 war es endlich so weit, das St. Georg Clubheim war fertiggestellt und aus einer Ruine war ein schmuckes Clubheim geworden. Die Errichtung dieses eigenen Clubheimes war eine bemerkenswerte Leistung aller Mitglieder des St. Georg Corps. Hatte man doch aus einem alten, verfallenen Waschhaus der Bundesbahnbediensteten in Eigenarbeit und unter gro\u00dfen finanziellen Mitteln und vielen tausend Stunden harter Arbeit ein schmuckes Heim geschaffen. Nicht nur dem Mut dieses Unternehmens, sondern auch der Durchhaltekraft verbunden mit gr\u00f6\u00dftem Arbeitseinsatz eines jeden Einzelnen geb\u00fchrt Lob und besondere Anerkennung! Am 15. Oktober 1983 fand die offizielle Einweihung statt. Sch\u00fctzenchef Hans Lumer w\u00fcnschte in seiner Rede dem St. Georg Corps Gl\u00fcck und Segen f\u00fcr das Haus und \u00fcberreichte als bleibende Erinnerung einen Zinnteller der Bruderschaft.<\/p>\n<p>In der Zeit von 1981 bis 1983 hatte das Corps einen neuen Vorsitzenden, Gerd Mentzen. 1983 \u00fcbernahm Herbert Hirsch wieder de Vorsitz.<\/p>\n<p>Ein H\u00f6hepunkt des Jubil\u00e4umsjahres 1988 war das anstehende Sch\u00fctzen- und Volksfest der Lintorfer Bruderschaft. Mit dem Sch\u00fctzenfestsamstag war der Tag f\u00fcr das St. Georg Corps gekommen, wo die neue Standarte erstmals der \u00d6ffentlichkeit vorgestellt werden konnte. Im Gottesdienst in der St. Anna-Kirche wurde die Standarte feierlich geweiht. Die offizielle Jubil\u00e4umsfeier fand im September statt. Begonnen wurde mit einem Gottesdienst in der St. Johannes-Kirche. Dem folgte die Jubil\u00e4umsveranstaltung im Pfarrsaal St. Johannes. Festredner des Abends war Sch\u00fctzenchef Hans Lumer. In seinem Vortrag lie\u00df er 25 Jahre bewegter St. Georg Corps-Geschichte Revue passieren. Der Ablauf des weiteren Abends galt ausschlie\u00dflich der Unterhaltung und dem Tanzen. Eine tolle Band bot beste Unterhaltung.<\/p>\n<p>Einen H\u00f6hepunkt im Vereinsleben des St. Georg Corps brachte das Jahr 1993. Beim Sch\u00fctzenfest konnte erstmals ein Sch\u00fctzenbruder des St. Georg Corps die K\u00f6nigsw\u00fcrde erringen, der gl\u00fcckliche Sch\u00fctze war Ewald Butenberg. Gro\u00dfen Jubel erlebte man im Kreise der St. Georg Corpsfamilie. Bereits im Jahr 1995 wiederholte Alfred Jansen mit einem gro\u00dfartigen Schuss diesen Erfolg und sicherte sich ebenfalls die W\u00fcrde des Lintorfer Bruderschaftsk\u00f6nigs. Nachdem man aus dem K\u00f6nigsjahr 1993\/94 Erfahrung gesammelt hatte, waren die f\u00fcr das St. Georg Corps anfallenden Arbeiten schon zur Routine geworden. Alles klappte bestens, so dass man schon ulkte und den Mitgliedern sagte, am besten stellt ihr in den n\u00e4chsten Jahren weiterhin den Bruderschaftsk\u00f6nig.<\/p>\n<p>Vielleicht hat das eine oder andere Mitglied des St. Georg Corps die ausgesprochenen Worte f\u00fcr bare M\u00fcnze genommen, denn bereits im Jahr 1998 wurde mit Heribert Rotermund wieder ein St. Georgianer Lintorfer Bruderschaftsk\u00f6nig. Als K\u00f6nigin stand ihm seine Frau Doris als Regentin zur Seite. Beide erlebten ein wundersch\u00f6nes K\u00f6nigsjahr. Von kurzer aber schwerer Krankheit gezeichnet verstarb Heribert Rotermund bereits am 5. Februar 2000 f\u00fcr die meisten v\u00f6llig unerwartet.<\/p>\n<p>Zum Titularfest 1998 ging eine \u00c4ra zu Ende, Herbert Hirsch, seit dem Jahr 1966 1. Vorsitzender des St. Georg Corps, trat von seiner Position zur\u00fcck, da er bruderschaftsseitig f\u00fcr h\u00f6here Aufgaben ben\u00f6tigt wurde. Ihm wurde angetragen, nach dem Ausscheiden des langj\u00e4hrigen 1. Brudermeisters Josef Fink dieses Amt zu \u00fcbernehmen. Er stellte sich zum Titularfest der Wahl und wurde einstimmig zum neuen 1. Brudermeister gew\u00e4hlt.<\/p>\n<p>Zum ersten Vorsitzenden wurde Ewald Butenberg gew\u00e4hlt. Am Freitag, dem 10. Januar 2003 fand die Jahreshauptversammlung des St. Georg Corps statt. Im Rahmen der Neuwahlen wurde eine fast komplett neue Vorstandsmannschaft gew\u00e4hlt. Als neuer 1. Vorsitzender wurde Wilfried Kr\u00f6ll nominiert, der mit seiner Vorstandsmannschaft die Geschicke des St. Georg Corps lenken wird!<\/p>\n<p>Im Jahr 2003, Jubil\u00e4umsjahr des Corps, holte das St. Georg Corps zum vierten Male die K\u00f6nigsw\u00fcrde in seiner Geschichte. Brudermeister Herbert Hirsch holte mit gezieltem Schuss die Platte herunter. Das Corps war gl\u00fccklich im Jubil\u00e4umsjahr die Majest\u00e4ten zu stellen. Herbert und Hilde Hirsch hatten in diesem Jahr die Bruderschaft und das Corps hervorragend vertreten. Am Sonntag, dem 5. Oktober fand die gro\u00dfe Geburtstagsfeier anl\u00e4sslich des 40j\u00e4hrigen Jubil\u00e4ums mit einer Matinee auf dem Clubgel\u00e4nde im extra errichteten Festzelt statt. Dieser Tag wurde gro\u00df und stilvoll gefeiert, nichts fehlte! Festredner war an diesem Tage unser Bundessch\u00fctzenmeister Hermann Macher, der einen bemerkens-werten Vortrag bot. Sch\u00fctzenchef Karl Heinz Kipp gratulierte im Namen der Lintorfer Bruderschaft und w\u00fcnschte dem Jubil\u00e4ums-Corps eine erfolgreiche Zukunft. Dank und Anerkennung sprach er allen Vorstands-mitgliedern und dies in besonderem Ma\u00dfe den jeweiligen 1. Vorsitzenden der letzten 40 Jahre aus. Abschlie\u00dfend w\u00fcnschte er dem St. Georg Corps alles erdenklich Gute, beste Kameradschaft und Harmonie sowie Gesundheit und Gottes Segen f\u00fcr die gesamte Corpsfamilie!<\/p>\n","protected":false},"excerpt":{"rendered":"<p>&nbsp; Die Geschichte des St. Georg Corps Lintorf 1963 e.V. Im Herbst des Jahres 1963 beschloss der Freundeskreis von 6 jungen M\u00e4nnern ein neues Sch\u00fctzencorps zu gr\u00fcnden. Im Bekanntenkreis der Eltern suchten sie nach weiteren Interessenten. Nachdem dies von Erfolg gekr\u00f6nt war, wurde ein Termin f\u00fcr die Gr\u00fcndungsversammlung festgelegt. Die Gr\u00fcndungsversammlung fand in der Gastst\u00e4tte \u201eB\u00fcrgershof\u201c statt. Notwendige Absprachen und<\/p>\n","protected":false},"author":1,"featured_media":0,"parent":0,"menu_order":0,"comment_status":"closed","ping_status":"closed","template":"template-fullwidth.php","meta":{"ngg_post_thumbnail":0,"footnotes":""},"class_list":["post-38","page","type-page","status-publish","hentry"],"jetpack_shortlink":"https:\/\/wp.me\/P8O44P-C","jetpack-related-posts":[{"id":9,"url":"https:\/\/www.st-georg-corps.de\/?page_id=9","url_meta":{"origin":38,"position":0},"title":"Impressum","author":"Ren\u00e9 Kupperian","date":"2017-05-31","format":false,"excerpt":"Dienstanbieter Sankt Georg Corps 1963 e.V. vertreten durch den Vorsitzenden Jens J\u00f6rgens Jahnstr. 16 40885 Ratingen Amtsgericht D\u00fcsseldorf Registerblatt VR 20464 Bankverbindung Sparkasse H-R-V IBAN: DE54 3345 0000 0042 3081 97 Kontakt +49 (172) 3005373 Jens J\u00f6rgens info@st-georg-corps.de Webmaster Ren\u00e9 Kupperian An der Kemm 72 40885 Ratingen +49 (2102) 155840\u2026","rel":"","context":"\u00c4hnlicher Beitrag","block_context":{"text":"\u00c4hnlicher Beitrag","link":""},"img":{"alt_text":"","src":"","width":0,"height":0},"classes":[]},{"id":1448,"url":"https:\/\/www.st-georg-corps.de\/?page_id=1448","url_meta":{"origin":38,"position":1},"title":"Hilfe","author":"Ren\u00e9 Kupperian","date":"2017-09-21","format":false,"excerpt":"Anmelden als Mitglied und eigenes Password eintragen: In der rechten Seitenleiste gibt es im unteren Bereich einen Bereich zum \"Anmelden\". Wer diese Seite auf dem Handy sieht muss diesen Bereich (Sidebar) mit dem \"+\" ausklappen.\u00a0Jedes Mitglied hat einen Nutzernamen und ein Passwort erhalten. Wenn ihr angemeldet seid, dann erscheint oben\u2026","rel":"","context":"\u00c4hnlicher Beitrag","block_context":{"text":"\u00c4hnlicher Beitrag","link":""},"img":{"alt_text":"","src":"","width":0,"height":0},"classes":[]},{"id":1813,"url":"https:\/\/www.st-georg-corps.de\/?page_id=1813","url_meta":{"origin":38,"position":2},"title":"Datenschutzerkl\u00e4rung","author":"Ren\u00e9 Kupperian","date":"2018-05-24","format":false,"excerpt":"Datenschutz Die Betreiber dieser Seiten nehmen den Schutz Ihrer pers\u00f6nlichen Daten sehr ernst. Wir behandeln Ihre personenbezogenen Daten vertraulich und entsprechend der gesetzlichen Datenschutzvorschriften sowie dieser Datenschutzerkl\u00e4rung. Die Nutzung unserer Webseite ist in der Regel ohne Angabe personenbezogener Daten m\u00f6glich. Soweit auf unseren Seiten personenbezogene Daten (beispielsweise Name, Anschrift oder\u2026","rel":"","context":"\u00c4hnlicher Beitrag","block_context":{"text":"\u00c4hnlicher Beitrag","link":""},"img":{"alt_text":"","src":"","width":0,"height":0},"classes":[]},{"id":3402,"url":"https:\/\/www.st-georg-corps.de\/?page_id=3402","url_meta":{"origin":38,"position":3},"title":"Anleitung &#8211; Sp\u00fclmaschine","author":"Ren\u00e9 Kupperian","date":"2024-05-04","format":false,"excerpt":"Grunds\u00e4tzliches zur Sp\u00fclmaschine Sie kostet etwa 2000 Euro und Reparaturen sind teuer! Sie muss nach jeder Veranstaltung entleert und gereinigt werden. Es ist keine Haushaltsmaschine die sofort loslegen kann nach dem Einschalten. Sie braucht eine Vorlaufzeit von etwa 60 - 90 Minuten zum F\u00fcllen und Aufheizen.\u00a0 Sie schaltet sich NICHT\u2026","rel":"","context":"\u00c4hnlicher Beitrag","block_context":{"text":"\u00c4hnlicher Beitrag","link":""},"img":{"alt_text":"","src":"https:\/\/i0.wp.com\/www.st-georg-corps.de\/wp-content\/uploads\/2024\/05\/Spuelmaschine_Bedienfeld-600x83.png?resize=350%2C200","width":350,"height":200,"srcset":"https:\/\/i0.wp.com\/www.st-georg-corps.de\/wp-content\/uploads\/2024\/05\/Spuelmaschine_Bedienfeld-600x83.png?resize=350%2C200 1x, https:\/\/i0.wp.com\/www.st-georg-corps.de\/wp-content\/uploads\/2024\/05\/Spuelmaschine_Bedienfeld-600x83.png?resize=525%2C300 1.5x"},"classes":[]},{"id":1114,"url":"https:\/\/www.st-georg-corps.de\/?page_id=1114","url_meta":{"origin":38,"position":4},"title":"Foto Downloads","author":"Ren\u00e9 Kupperian","date":"2017-07-15","format":false,"excerpt":"Auf dieser internen Seite findet ihr die Verweise zu diversen Foto Galerien. Da die Fotos extern (bei Google) gespeichert werden, wird ein neuer Reiter im Browser ge\u00f6ffnet wenn ihr auf einen der folgenden Verweise klickt.","rel":"","context":"\u00c4hnlicher Beitrag","block_context":{"text":"\u00c4hnlicher Beitrag","link":""},"img":{"alt_text":"","src":"","width":0,"height":0},"classes":[]},{"id":1817,"url":"https:\/\/www.st-georg-corps.de\/?page_id=1817","url_meta":{"origin":38,"position":5},"title":"Kontakt (Mail)","author":"Ren\u00e9 Kupperian","date":"2018-05-24","format":false,"excerpt":"Unser Kontaktformular entsprach leider nicht mehr den aktuellen Sicherheitsanforderungen die am 25. Mai 2018 in der EU in Kraft getreten sind. Aus diesem Grund mussten wir diesen Service leider vorerst einstellen. Wir arbeiten jedoch an einer L\u00f6sung, damit Sie bald wieder bequem Kontakt zu uns aufnehmen k\u00f6nnen.\u00a0 In der Zwischenzeit\u2026","rel":"","context":"\u00c4hnlicher Beitrag","block_context":{"text":"\u00c4hnlicher Beitrag","link":""},"img":{"alt_text":"","src":"","width":0,"height":0},"classes":[]}],"jetpack_likes_enabled":false,"jetpack_sharing_enabled":true,"_links":{"self":[{"href":"https:\/\/www.st-georg-corps.de\/index.php?rest_route=\/wp\/v2\/pages\/38","targetHints":{"allow":["GET"]}}],"collection":[{"href":"https:\/\/www.st-georg-corps.de\/index.php?rest_route=\/wp\/v2\/pages"}],"about":[{"href":"https:\/\/www.st-georg-corps.de\/index.php?rest_route=\/wp\/v2\/types\/page"}],"author":[{"embeddable":true,"href":"https:\/\/www.st-georg-corps.de\/index.php?rest_route=\/wp\/v2\/users\/1"}],"replies":[{"embeddable":true,"href":"https:\/\/www.st-georg-corps.de\/index.php?rest_route=%2Fwp%2Fv2%2Fcomments&post=38"}],"version-history":[{"count":12,"href":"https:\/\/www.st-georg-corps.de\/index.php?rest_route=\/wp\/v2\/pages\/38\/revisions"}],"predecessor-version":[{"id":1429,"href":"https:\/\/www.st-georg-corps.de\/index.php?rest_route=\/wp\/v2\/pages\/38\/revisions\/1429"}],"wp:attachment":[{"href":"https:\/\/www.st-georg-corps.de\/index.php?rest_route=%2Fwp%2Fv2%2Fmedia&parent=38"}],"curies":[{"name":"wp","href":"https:\/\/api.w.org\/{rel}","templated":true}]}}