{"id":1448,"date":"2017-09-21T06:33:13","date_gmt":"2017-09-21T04:33:13","guid":{"rendered":"http:\/\/www.st-georg-corps.de\/?page_id=1448"},"modified":"2017-09-21T06:45:59","modified_gmt":"2017-09-21T04:45:59","slug":"hilfe","status":"publish","type":"page","link":"https:\/\/www.st-georg-corps.de\/?page_id=1448","title":{"rendered":"Hilfe"},"content":{"rendered":"<p><strong>Anmelden als Mitglied und eigenes Password eintragen:<\/strong><\/p>\n<p>In der rechten Seitenleiste gibt es im unteren Bereich einen Bereich zum &#8222;Anmelden&#8220;.<\/p>\n<p>Wer diese Seite auf dem Handy sieht muss diesen Bereich (Sidebar) mit dem &#8222;+&#8220; ausklappen.&nbsp;Jedes Mitglied hat einen Nutzernamen und ein Passwort erhalten.<\/p>\n<p>Wenn ihr angemeldet seid, dann erscheint oben eine neue Leiste.<\/p>\n<p>Dort auf &#8222;St. Georg Corps Lintorf 1963 e.V.&#8220; klicken und dann auf &#8222;Dashboard&#8220;.<\/p>\n<p>Jetzt k\u00f6nnt ihr in der linken Leiste &#8222;Profil&#8220; anw\u00e4hlen.<\/p>\n<p>Im unteren Bereich gibt es eine Knopf mit der Aufschrift &#8222;Passwort Generieren&#8220;. Da klickt Ihr drauf. Nun k\u00f6nnt ihr in das Textfeld, in dem nun ein sehr langes kryptisches Passwort steht, ein Passwort eurer Wahl eintragen.<\/p>\n<p>Dann nicht vergessen &#8222;Profil Aktualisieren&#8220; zu klicken.&nbsp;<\/p>\n","protected":false},"excerpt":{"rendered":"<p>Anmelden als Mitglied und eigenes Password eintragen: In der rechten Seitenleiste gibt es im unteren Bereich einen Bereich zum &#8222;Anmelden&#8220;. Wer diese Seite auf dem Handy sieht muss diesen Bereich (Sidebar) mit dem &#8222;+&#8220; ausklappen.&nbsp;Jedes Mitglied hat einen Nutzernamen und ein Passwort erhalten. Wenn ihr angemeldet seid, dann erscheint oben eine neue Leiste. Dort auf &#8222;St. Georg Corps Lintorf 1963<\/p>\n","protected":false},"author":2,"featured_media":0,"parent":0,"menu_order":0,"comment_status":"closed","ping_status":"closed","template":"","meta":{"ngg_post_thumbnail":0,"footnotes":""},"class_list":["post-1448","page","type-page","status-publish","hentry"],"jetpack_shortlink":"https:\/\/wp.me\/P8O44P-nm","jetpack-related-posts":[{"id":38,"url":"https:\/\/www.st-georg-corps.de\/?page_id=38","url_meta":{"origin":1448,"position":0},"title":"Geschichtliches","author":"Ren\u00e9 Kupperian","date":"2017-06-01","format":false,"excerpt":"\u00a0 Die Geschichte des St. Georg Corps Lintorf 1963 e.V. Im Herbst des Jahres 1963 beschloss der Freundeskreis von 6 jungen M\u00e4nnern ein neues Sch\u00fctzencorps zu gr\u00fcnden. Im Bekanntenkreis der Eltern suchten sie nach weiteren Interessenten. Nachdem dies von Erfolg gekr\u00f6nt war, wurde ein Termin f\u00fcr die Gr\u00fcndungsversammlung festgelegt. Die\u2026","rel":"","context":"\u00c4hnlicher Beitrag","block_context":{"text":"\u00c4hnlicher Beitrag","link":""},"img":{"alt_text":"Der heilige St. Georg","src":"https:\/\/i0.wp.com\/www.st-georg-corps.de\/wp-content\/uploads\/2017\/06\/St-Georg-001.gif?resize=350%2C200","width":350,"height":200},"classes":[]},{"id":1813,"url":"https:\/\/www.st-georg-corps.de\/?page_id=1813","url_meta":{"origin":1448,"position":1},"title":"Datenschutzerkl\u00e4rung","author":"Ren\u00e9 Kupperian","date":"2018-05-24","format":false,"excerpt":"Datenschutz Die Betreiber dieser Seiten nehmen den Schutz Ihrer pers\u00f6nlichen Daten sehr ernst. Wir behandeln Ihre personenbezogenen Daten vertraulich und entsprechend der gesetzlichen Datenschutzvorschriften sowie dieser Datenschutzerkl\u00e4rung. Die Nutzung unserer Webseite ist in der Regel ohne Angabe personenbezogener Daten m\u00f6glich. Soweit auf unseren Seiten personenbezogene Daten (beispielsweise Name, Anschrift oder\u2026","rel":"","context":"\u00c4hnlicher Beitrag","block_context":{"text":"\u00c4hnlicher Beitrag","link":""},"img":{"alt_text":"","src":"","width":0,"height":0},"classes":[]},{"id":3402,"url":"https:\/\/www.st-georg-corps.de\/?page_id=3402","url_meta":{"origin":1448,"position":2},"title":"Anleitung &#8211; Sp\u00fclmaschine","author":"Ren\u00e9 Kupperian","date":"2024-05-04","format":false,"excerpt":"Grunds\u00e4tzliches zur Sp\u00fclmaschine Sie kostet etwa 2000 Euro und Reparaturen sind teuer! Sie muss nach jeder Veranstaltung entleert und gereinigt werden. Es ist keine Haushaltsmaschine die sofort loslegen kann nach dem Einschalten. Sie braucht eine Vorlaufzeit von etwa 60 - 90 Minuten zum F\u00fcllen und Aufheizen.\u00a0 Sie schaltet sich NICHT\u2026","rel":"","context":"\u00c4hnlicher Beitrag","block_context":{"text":"\u00c4hnlicher Beitrag","link":""},"img":{"alt_text":"","src":"https:\/\/i0.wp.com\/www.st-georg-corps.de\/wp-content\/uploads\/2024\/05\/Spuelmaschine_Bedienfeld-600x83.png?resize=350%2C200","width":350,"height":200,"srcset":"https:\/\/i0.wp.com\/www.st-georg-corps.de\/wp-content\/uploads\/2024\/05\/Spuelmaschine_Bedienfeld-600x83.png?resize=350%2C200 1x, https:\/\/i0.wp.com\/www.st-georg-corps.de\/wp-content\/uploads\/2024\/05\/Spuelmaschine_Bedienfeld-600x83.png?resize=525%2C300 1.5x"},"classes":[]},{"id":1114,"url":"https:\/\/www.st-georg-corps.de\/?page_id=1114","url_meta":{"origin":1448,"position":3},"title":"Foto Downloads","author":"Ren\u00e9 Kupperian","date":"2017-07-15","format":false,"excerpt":"Auf dieser internen Seite findet ihr die Verweise zu diversen Foto Galerien. Da die Fotos extern (bei Google) gespeichert werden, wird ein neuer Reiter im Browser ge\u00f6ffnet wenn ihr auf einen der folgenden Verweise klickt.","rel":"","context":"\u00c4hnlicher Beitrag","block_context":{"text":"\u00c4hnlicher Beitrag","link":""},"img":{"alt_text":"","src":"","width":0,"height":0},"classes":[]},{"id":9,"url":"https:\/\/www.st-georg-corps.de\/?page_id=9","url_meta":{"origin":1448,"position":4},"title":"Impressum","author":"Ren\u00e9 Kupperian","date":"2017-05-31","format":false,"excerpt":"Dienstanbieter Sankt Georg Corps 1963 e.V. vertreten durch den Vorsitzenden Jens J\u00f6rgens Jahnstr. 16 40885 Ratingen Amtsgericht D\u00fcsseldorf Registerblatt VR 20464 Bankverbindung Sparkasse H-R-V IBAN: DE54 3345 0000 0042 3081 97 Kontakt +49 (172) 3005373 Jens J\u00f6rgens info@st-georg-corps.de Webmaster Ren\u00e9 Kupperian An der Kemm 72 40885 Ratingen +49 (2102) 155840\u2026","rel":"","context":"\u00c4hnlicher Beitrag","block_context":{"text":"\u00c4hnlicher Beitrag","link":""},"img":{"alt_text":"","src":"","width":0,"height":0},"classes":[]},{"id":1817,"url":"https:\/\/www.st-georg-corps.de\/?page_id=1817","url_meta":{"origin":1448,"position":5},"title":"Kontakt (Mail)","author":"Ren\u00e9 Kupperian","date":"2018-05-24","format":false,"excerpt":"Unser Kontaktformular entsprach leider nicht mehr den aktuellen Sicherheitsanforderungen die am 25. Mai 2018 in der EU in Kraft getreten sind. Aus diesem Grund mussten wir diesen Service leider vorerst einstellen. Wir arbeiten jedoch an einer L\u00f6sung, damit Sie bald wieder bequem Kontakt zu uns aufnehmen k\u00f6nnen.\u00a0 In der Zwischenzeit\u2026","rel":"","context":"\u00c4hnlicher Beitrag","block_context":{"text":"\u00c4hnlicher Beitrag","link":""},"img":{"alt_text":"","src":"","width":0,"height":0},"classes":[]}],"jetpack_likes_enabled":false,"jetpack_sharing_enabled":false,"_links":{"self":[{"href":"https:\/\/www.st-georg-corps.de\/index.php?rest_route=\/wp\/v2\/pages\/1448","targetHints":{"allow":["GET"]}}],"collection":[{"href":"https:\/\/www.st-georg-corps.de\/index.php?rest_route=\/wp\/v2\/pages"}],"about":[{"href":"https:\/\/www.st-georg-corps.de\/index.php?rest_route=\/wp\/v2\/types\/page"}],"author":[{"embeddable":true,"href":"https:\/\/www.st-georg-corps.de\/index.php?rest_route=\/wp\/v2\/users\/2"}],"replies":[{"embeddable":true,"href":"https:\/\/www.st-georg-corps.de\/index.php?rest_route=%2Fwp%2Fv2%2Fcomments&post=1448"}],"version-history":[{"count":4,"href":"https:\/\/www.st-georg-corps.de\/index.php?rest_route=\/wp\/v2\/pages\/1448\/revisions"}],"predecessor-version":[{"id":1452,"href":"https:\/\/www.st-georg-corps.de\/index.php?rest_route=\/wp\/v2\/pages\/1448\/revisions\/1452"}],"wp:attachment":[{"href":"https:\/\/www.st-georg-corps.de\/index.php?rest_route=%2Fwp%2Fv2%2Fmedia&parent=1448"}],"curies":[{"name":"wp","href":"https:\/\/api.w.org\/{rel}","templated":true}]}}